{"id":295,"date":"2022-09-22T14:57:14","date_gmt":"2022-09-22T18:27:14","guid":{"rendered":"https:\/\/www.esd.mun.ca\/wordpress\/iodpcanada\/?page_id=295"},"modified":"2023-06-19T13:59:33","modified_gmt":"2023-06-19T17:29:33","slug":"ccod","status":"publish","type":"page","link":"\/wordpress\/iodpcanada\/index.php\/ccod\/","title":{"rendered":"CCOD"},"content":{"rendered":"\n<h1 class=\"wp-block-heading\">CCOD<\/h1>\n\n\n\n<p>The Canadian Consortium for Ocean Drilling (CCOD) is an organization comprising Canadian universities and government agencies, whose purpose is to facilitate Canada&#8217;s participation in IODP.<\/p>\n\n\n\n<h2 class=\"wp-block-heading\">The CCOD has the following objectives:<\/h2>\n\n\n\n<ul>\n<li>Advocate and encourage Canadian participation in IODP and ECORD<\/li>\n\n\n\n<li>Develop proposals and applications for IODP funding<\/li>\n\n\n\n<li>Help the community to develop proposals and applications for IODP expeditions<\/li>\n\n\n\n<li>Represent the Canadian community on IODP and ECORD committees and panels<\/li>\n\n\n\n<li>Provide advice and guidance to the IODP-Canada Secretariat concerning the management of Canada&#8217;s participation in IODP<\/li>\n\n\n\n<li>Disseminate IODP and ECORD information to the Canadian community and public<\/li>\n\n\n\n<li>Organize Canadian outreach and training activities, such as summer schools, lecture tours, port calls, and workshops<\/li>\n<\/ul>\n\n\n\n<p>The CCOD directly supports the operational costs associated with IODP participation and planning for long-term, stable funding for Canadian IODP membership through an annual membership fee.&nbsp; Membership in the CCOD is open to all persons from Canadian universities, government agencies and industry groups with a commitment to Canada&#8217;s participation in the IODP.<\/p>\n\n\n\n<p><a href=\"\/wordpress\/iodpcanada\/index.php\/ccod_tor\">CCOD Terms of Reference &#8211; January 2012<\/a><\/p>\n\n\n\n<h2 class=\"wp-block-heading\">Members of the Canadian Consortium for Ocean Drilling<\/h2>\n\n\n\n<figure class=\"wp-block-table\"><table><tbody><tr><td>&nbsp;Universit\u00e9 du Qu\u00e9bec \u00e0 Montr\u00e9al<\/td><td><strong>&nbsp;Anne de Vernal<\/strong><\/td><td>&nbsp;devernal.anne@uqam.ca<\/td><\/tr><tr><td>&nbsp;Memorial University of Newfoundland<\/td><td><strong>&nbsp;John Jamieson<sup>1&nbsp;<\/sup>(Chair)<\/strong><\/td><td>&nbsp;jjamieson@mun.ca<\/td><\/tr><tr><td>&nbsp;Universit\u00e9 du Qu\u00e9bec \u00e0 Rimouski<\/td><td>&nbsp;Guillaume St-Onge<\/td><td>&nbsp;guillaume_st-onge@uqar.ca<\/td><\/tr><tr><td>&nbsp;University of Victoria<\/td><td><strong>&nbsp;Kathy Gillis<\/strong><\/td><td>&nbsp;kgillis@uvic.ca<\/td><\/tr><tr><td>&nbsp;The University of British Columbia<\/td><td><strong>&nbsp;Dominique Weis<\/strong><sup>2<\/sup><\/td><td>&nbsp;dweis@eos.ubc.ca<\/td><\/tr><tr><td>&nbsp;University of Alberta<\/td><td>&nbsp;Alberto Reyes<\/td><td>&nbsp;alberto.reyes@ualberta.ca<\/td><\/tr><tr><td>&nbsp;University of Ottawa<\/td><td>&nbsp;Mark Hannington<\/td><td>&nbsp;Mark.Hannington@uottawa.ca<\/td><\/tr><tr><td>&nbsp;University of Toronto<\/td><td>&nbsp;<strong>Uli Wortmann<\/strong><\/td><td>&nbsp;uli.wortmann@utoronto.ca<\/td><\/tr><tr><td>&nbsp;Dalhousie University<\/td><td>&nbsp;<strong>Markus Kienast<\/strong><\/td><td>&nbsp;markus.kienast@dal.ca<\/td><\/tr><tr><td>&nbsp;University of Calgary<\/td><td><strong>&nbsp;Ben Tutolo<\/strong><\/td><td>&nbsp;benjamin.tutolo@ucalgary.ca<\/td><\/tr><tr><td>&nbsp;Natural Resources Canada<\/td><td>&nbsp;Calvin Campbell<\/td><td>&nbsp;calvin.campbell@nrcan.gc.ca<\/td><\/tr><\/tbody><\/table><\/figure>\n\n\n\n<p>Members of the CCOD Executive Committee highlighted in <strong>Bold<\/strong><\/p>\n\n\n\n<p><sup>1<\/sup>&nbsp;ECORD Council Delegate, ESSAC Delegate<\/p>\n\n\n\n<p><sup>2&nbsp;<\/sup>ECORD Council Alternate, ESSAC Alternate<\/p>\n","protected":false},"excerpt":{"rendered":"<p>CCOD The Canadian Consortium for Ocean Drilling (CCOD) is an organization comprising Canadian universities and government agencies, whose purpose is to facilitate Canada&#8217;s participation in IODP. The CCOD has the following objectives: The CCOD directly supports the operational costs associated with IODP participation and planning for long-term, stable funding for Canadian IODP membership through an [&hellip;]<\/p>\n","protected":false},"author":2,"featured_media":0,"parent":0,"menu_order":0,"comment_status":"closed","ping_status":"closed","template":"","meta":{"footnotes":""},"_links":{"self":[{"href":"\/wordpress\/iodpcanada\/index.php\/wp-json\/wp\/v2\/pages\/295"}],"collection":[{"href":"\/wordpress\/iodpcanada\/index.php\/wp-json\/wp\/v2\/pages"}],"about":[{"href":"\/wordpress\/iodpcanada\/index.php\/wp-json\/wp\/v2\/types\/page"}],"author":[{"embeddable":true,"href":"\/wordpress\/iodpcanada\/index.php\/wp-json\/wp\/v2\/users\/2"}],"replies":[{"embeddable":true,"href":"\/wordpress\/iodpcanada\/index.php\/wp-json\/wp\/v2\/comments?post=295"}],"version-history":[{"count":6,"href":"\/wordpress\/iodpcanada\/index.php\/wp-json\/wp\/v2\/pages\/295\/revisions"}],"predecessor-version":[{"id":690,"href":"\/wordpress\/iodpcanada\/index.php\/wp-json\/wp\/v2\/pages\/295\/revisions\/690"}],"wp:attachment":[{"href":"\/wordpress\/iodpcanada\/index.php\/wp-json\/wp\/v2\/media?parent=295"}],"curies":[{"name":"wp","href":"https:\/\/api.w.org\/{rel}","templated":true}]}}